{"id":2,"date":"2017-12-01T15:17:23","date_gmt":"2017-12-01T15:17:23","guid":{"rendered":"http:\/\/sven-stemmer.de\/?page_id=2"},"modified":"2018-01-11T15:11:19","modified_gmt":"2018-01-11T15:11:19","slug":"sample-page","status":"publish","type":"page","link":"http:\/\/dandys-corner.de\/en\/sample-page","title":{"rendered":"sapere aude"},"content":{"rendered":"<p><span class=\"st\">\u201eHabe Mut, dich deines eigenen Verstandes zu bedienen!\u201c <\/span><\/p>\n<p><span class=\"st\">Das ist der Leitspruch, den Immanuel Kant 1784 f\u00fcr die Aufkl\u00e4rung formulierte. In den 234 Jahren seither ist viel gedacht, viel geschrieben und gek\u00e4mpft worden. Es gab zum Teil unvorstellbare Fortschritte &#8211; besonders in Wissenschaft und Technologie &#8211; und schreckliche R\u00fcckf\u00e4lle &#8211; vor allem in unmenschliche Weltanschauungen &#8211;<br \/>\n<\/span><\/p>\n<p>Es ist f\u00fcr jeden klar zu sehen: Das Ziel der Aufkl\u00e4rung,<span style=\"font-size: 14pt;\"> <em>eine Gesellschaft aus freien und m\u00fcndigen Menschen<\/em><\/span>, ist noch in weiter Ferne. Es bleibt viel zu tun. Besonders wenn wieder restriktive Tendenzen, angefangen mit Zensur, Sprech- und Denkverboten bis hin zu extremistischen Gedankengeb\u00e4uden und Ideologien, diesem Ziel entgegenwirken.<\/p>\n<p>Dieses Seite will einen kleinen Beitrag zu dem gro\u00dfen Projekt leisten. Fragend und schreibend, mitunter auch provokant, werden wir uns an Selbstachtung, Eigenverantwortung und Beharrlichkeit herantasten.<\/p>\n","protected":false},"excerpt":{"rendered":"<p>\u201eHabe Mut, dich deines eigenen Verstandes zu bedienen!\u201c Das ist der Leitspruch, den Immanuel Kant 1784 f\u00fcr die Aufkl\u00e4rung formulierte. In den 234 Jahren seither ist viel gedacht, viel geschrieben und gek\u00e4mpft worden. Es gab zum Teil unvorstellbare Fortschritte &#8211; besonders in Wissenschaft und Technologie &#8211; und schreckliche R\u00fcckf\u00e4lle &#8211; vor allem in unmenschliche Weltanschauungen [&hellip;]<\/p>\n","protected":false},"author":1,"featured_media":0,"parent":0,"menu_order":0,"comment_status":"closed","ping_status":"open","template":"","meta":{"_et_pb_use_builder":"","_et_pb_old_content":"","_et_gb_content_width":"","footnotes":""},"class_list":["post-2","page","type-page","status-publish","hentry"],"_links":{"self":[{"href":"http:\/\/dandys-corner.de\/en\/wp-json\/wp\/v2\/pages\/2","targetHints":{"allow":["GET"]}}],"collection":[{"href":"http:\/\/dandys-corner.de\/en\/wp-json\/wp\/v2\/pages"}],"about":[{"href":"http:\/\/dandys-corner.de\/en\/wp-json\/wp\/v2\/types\/page"}],"author":[{"embeddable":true,"href":"http:\/\/dandys-corner.de\/en\/wp-json\/wp\/v2\/users\/1"}],"replies":[{"embeddable":true,"href":"http:\/\/dandys-corner.de\/en\/wp-json\/wp\/v2\/comments?post=2"}],"version-history":[{"count":5,"href":"http:\/\/dandys-corner.de\/en\/wp-json\/wp\/v2\/pages\/2\/revisions"}],"predecessor-version":[{"id":108,"href":"http:\/\/dandys-corner.de\/en\/wp-json\/wp\/v2\/pages\/2\/revisions\/108"}],"wp:attachment":[{"href":"http:\/\/dandys-corner.de\/en\/wp-json\/wp\/v2\/media?parent=2"}],"curies":[{"name":"wp","href":"https:\/\/api.w.org\/{rel}","templated":true}]}}